{"id":3501,"date":"2024-05-08T15:45:03","date_gmt":"2024-05-08T13:45:03","guid":{"rendered":"https:\/\/cenematrasters.com\/?page_id=3501"},"modified":"2024-07-19T13:53:10","modified_gmt":"2024-07-19T11:53:10","slug":"empresas","status":"publish","type":"page","link":"https:\/\/cenematrasters.modula.tv\/?page_id=3501","title":{"rendered":"Empresas"},"content":{"rendered":"<div class=\"wpb-content-wrapper\">[vc_row et_full_width=&#8221;true&#8221; et_row_padding=&#8221;true&#8221; et_column_align=&#8221;align-center&#8221; css=&#8221;.vc_custom_1715070974326{margin-right: 0px !important;margin-bottom: 0px !important;margin-left: 0px !important;padding-right: 0px !important;padding-left: 0px !important;}&#8221;][vc_column offset=&#8221;vc_col-lg-12&#8243; css=&#8221;.vc_custom_1715071011153{margin-right: 0px !important;margin-bottom: 0px !important;margin-left: 0px !important;padding-right: 0px !important;padding-left: 0px !important;}&#8221;][vc_single_image image=&#8221;3502&#8243; img_size=&#8221;full&#8221; css=&#8221;.vc_custom_1715175661982{margin-right: 0px !important;margin-bottom: 0px !important;margin-left: 0px !important;padding-right: 0px !important;padding-left: 0px !important;}&#8221;][vc_separator color=&#8221;custom&#8221; border_width=&#8221;3&#8243; css=&#8221;.vc_custom_1715175672075{margin-bottom: 45px !important;}&#8221; accent_color=&#8221;#6dd300&#8243;][\/vc_column][\/vc_row][vc_row css=&#8221;.vc_custom_1715087817960{margin-bottom: 40px !important;}&#8221;][vc_column][vc_column_text css=&#8221;.vc_custom_1715175667958{margin-bottom: 60px !important;}&#8221; el_class=&#8221;grande&#8221;]\n<div class=\"page\" title=\"Page 2\">\n<div class=\"layoutArea\">\n<div class=\"column\">\n<h2 style=\"text-align: center;\">\u00bfC\u00f3mo funciona?<\/h2>\n<\/div>\n<\/div>\n<\/div>\n[\/vc_column_text][vc_row_inner et_max_width=&#8221;&#8221; el_class=&#8221;wrapper-secciones apartados&#8221; css=&#8221;.vc_custom_1715088383672{margin-bottom: 2% !important;}&#8221;][vc_column_inner el_class=&#8221;secciones&#8221; width=&#8221;1\/2&#8243; css=&#8221;.vc_custom_1715088300938{margin-right: 0px !important;margin-bottom: 0px !important;margin-left: 0px !important;padding-bottom: 0px !important;}&#8221;][vc_single_image image=&#8221;3503&#8243; img_size=&#8221;full&#8221; css=&#8221;.vc_custom_1715175722889{margin-bottom: 0px !important;padding-bottom: 0px !important;}&#8221;][\/vc_column_inner][vc_column_inner el_class=&#8221;secciones&#8221; width=&#8221;1\/2&#8243; css=&#8221;.vc_custom_1715088323522{margin-right: 0px !important;margin-bottom: 0px !important;margin-left: 0px !important;padding-bottom: 0px !important;}&#8221;][vc_single_image image=&#8221;3504&#8243; img_size=&#8221;full&#8221; css=&#8221;.vc_custom_1715175731046{margin-bottom: 0px !important;padding-bottom: 0px !important;}&#8221;][\/vc_column_inner][\/vc_row_inner][vc_row_inner et_max_width=&#8221;&#8221; el_class=&#8221;wrapper-secciones apartados&#8221;][vc_column_inner el_class=&#8221;secciones&#8221; width=&#8221;1\/2&#8243; css=&#8221;.vc_custom_1715088300938{margin-right: 0px !important;margin-bottom: 0px !important;margin-left: 0px !important;padding-bottom: 0px !important;}&#8221;][vc_single_image image=&#8221;3505&#8243; img_size=&#8221;full&#8221; css=&#8221;.vc_custom_1715175740298{margin-bottom: 0px !important;padding-bottom: 0px !important;}&#8221;][\/vc_column_inner][vc_column_inner el_class=&#8221;secciones&#8221; width=&#8221;1\/2&#8243; css=&#8221;.vc_custom_1715088323522{margin-right: 0px !important;margin-bottom: 0px !important;margin-left: 0px !important;padding-bottom: 0px !important;}&#8221;][vc_single_image image=&#8221;3506&#8243; img_size=&#8221;full&#8221; css=&#8221;.vc_custom_1715175751188{margin-bottom: 0px !important;padding-bottom: 0px !important;}&#8221;][\/vc_column_inner][\/vc_row_inner][\/vc_column][\/vc_row][vc_row et_full_width=&#8221;true&#8221; et_row_padding=&#8221;true&#8221; css=&#8221;.vc_custom_1715335930363{margin-bottom: 0px !important;}&#8221; el_id=&#8221;servicios&#8221;][vc_column][vc_separator color=&#8221;custom&#8221; border_width=&#8221;3&#8243; css=&#8221;.vc_custom_1715175672075{margin-bottom: 45px !important;}&#8221; accent_color=&#8221;#6dd300&#8243;][vc_column_text css=&#8221;.vc_custom_1715175776590{margin-bottom: 60px !important;}&#8221; el_class=&#8221;grande&#8221;]\n<div class=\"page\" title=\"Page 2\">\n<div class=\"layoutArea\">\n<div class=\"column\">\n<h2 style=\"text-align: center;\">\u00bfQu\u00e9 servicios ofrecemos?<\/h2>\n<\/div>\n<\/div>\n<\/div>\n[\/vc_column_text][\/vc_column][\/vc_row][vc_row disable_element=&#8221;yes&#8221; css=&#8221;.vc_custom_1715338989898{margin-bottom: 40px !important;}&#8221;][vc_column][vc_row_inner et_max_width=&#8221;&#8221; css=&#8221;.vc_custom_1715176713881{margin-right: 5% !important;margin-bottom: 0px !important;margin-left: 5% !important;}&#8221; el_class=&#8221;wrapper-secciones&#8221;][vc_column_inner el_class=&#8221;secciones dos&#8221; width=&#8221;1\/3&#8243; css=&#8221;.vc_custom_1715176074062{margin-right: 0px !important;margin-left: 0px !important;}&#8221;][vc_single_image image=&#8221;3507&#8243; img_size=&#8221;full&#8221; css=&#8221;&#8221;][vc_column_text css=&#8221;&#8221; el_class=&#8221;secciones-desc&#8221;]DESTRUCCI\u00d3N CERTIFICADA DE DOCUMENTOS[\/vc_column_text][\/vc_column_inner][vc_column_inner el_class=&#8221;secciones dos&#8221; width=&#8221;1\/3&#8243; css=&#8221;.vc_custom_1715176082149{margin-right: 0px !important;margin-bottom: 2% !important;margin-left: 0px !important;}&#8221;][vc_single_image image=&#8221;3508&#8243; img_size=&#8221;full&#8221; css=&#8221;&#8221;][vc_column_text css=&#8221;&#8221; el_class=&#8221;secciones-desc&#8221;]\n<div class=\"page\" title=\"Page 2\">\n<div class=\"section\">\n<div class=\"layoutArea\">\n<div class=\"column\">\n<p>RECEPCI\u00d3N Y TRASLADO DE MERCANC\u00cdAS<\/p><\/div>\n<\/div>\n<\/div>\n<\/div>\n[\/vc_column_text][\/vc_column_inner][vc_column_inner el_class=&#8221;secciones dos&#8221; width=&#8221;1\/3&#8243; css=&#8221;.vc_custom_1715176088400{margin-right: 0px !important;margin-bottom: 2% !important;margin-left: 0px !important;}&#8221;][vc_single_image image=&#8221;3509&#8243; img_size=&#8221;full&#8221; css=&#8221;&#8221;][vc_column_text css=&#8221;&#8221; el_class=&#8221;secciones-desc&#8221;]\n<div class=\"page\" title=\"Page 2\">\n<div class=\"section\">\n<div class=\"layoutArea\">\n<div class=\"column\">\n<p>CUSTODIA DE LLAVES<\/p><\/div>\n<\/div>\n<\/div>\n<\/div>\n[\/vc_column_text][\/vc_column_inner][\/vc_row_inner][vc_row_inner et_max_width=&#8221;&#8221; css=&#8221;.vc_custom_1715178035770{margin-top: 10px !important;margin-right: 5% !important;margin-left: 5% !important;}&#8221; el_class=&#8221;wrapper-secciones&#8221;][vc_column_inner el_class=&#8221;secciones dos sub&#8221; width=&#8221;1\/3&#8243; css=&#8221;.vc_custom_1715176604892{margin-right: 0px !important;margin-left: 0px !important;}&#8221;][vc_column_text css=&#8221;&#8221; el_class=&#8221;secciones-desc2&#8243;]\n<p style=\"text-align: center;\">Deshazte de la documentaci\u00f3n que ya no es archivable de forma segura.<\/p>\n<p>&nbsp;<\/p>\n<p style=\"text-align: center;\">En Cenema destruimos archivos siguiendo la normativa vigente de la Ley Org\u00e1nica de Protecci\u00f3n de Datos (LODP).<\/p>\n[\/vc_column_text][\/vc_column_inner][vc_column_inner el_class=&#8221;secciones dos sub&#8221; width=&#8221;1\/3&#8243; css=&#8221;.vc_custom_1715176610697{margin-right: 0px !important;margin-bottom: 2% !important;margin-left: 0px !important;}&#8221;][vc_column_text css=&#8221;&#8221; el_class=&#8221;secciones-desc2&#8243;]\n<div class=\"page\" title=\"Page 2\">\n<div class=\"section\">\n<div class=\"layoutArea\">\n<div class=\"column\">\n<p style=\"text-align: center;\">Preoc\u00fapate de lo realmente importante y \u00a1d\u00e9janos la log\u00edstica a nosotros!<\/p>\n<p>&nbsp;<\/p>\n<p style=\"text-align: center;\">Tambi\u00e9n nos encargamos del env\u00edo y de la recogida de tu mercanc\u00eda en horario de lunes a viernes de 9 a 19h.<\/p>\n<\/div>\n<\/div>\n<\/div>\n<\/div>\n[\/vc_column_text][\/vc_column_inner][vc_column_inner el_class=&#8221;secciones dos sub&#8221; width=&#8221;1\/3&#8243; css=&#8221;.vc_custom_1715176616890{margin-right: 0px !important;margin-bottom: 2% !important;margin-left: 0px !important;}&#8221;][vc_column_text css=&#8221;&#8221; el_class=&#8221;secciones-desc2&#8243;]\n<div class=\"page\" title=\"Page 2\">\n<div class=\"section\">\n<div class=\"layoutArea\">\n<div class=\"column\">\n<p style=\"text-align: center;\">La seguridad de tu empresa es lo primero.<\/p>\n<p>&nbsp;<\/p>\n<p style=\"text-align: center;\">Podr\u00e1s disponer de una copia de las llaves de tu empresa a buen recaudo y accesible cuando lo necesites, frente a cualquier imprevisto que pueda ocurrir.<\/p>\n<\/div>\n<\/div>\n<\/div>\n<\/div>\n[\/vc_column_text][\/vc_column_inner][\/vc_row_inner][\/vc_column][\/vc_row][vc_row css=&#8221;.vc_custom_1579117484725{margin-bottom: 40px !important;}&#8221;][vc_column][vc_row_inner et_max_width=&#8221;&#8221; css=&#8221;.vc_custom_1715176713881{margin-right: 5% !important;margin-bottom: 0px !important;margin-left: 5% !important;}&#8221; el_class=&#8221;wrapper-secciones&#8221;][vc_column_inner el_class=&#8221;secciones dos&#8221; width=&#8221;1\/3&#8243; css=&#8221;.vc_custom_1715176074062{margin-right: 0px !important;margin-left: 0px !important;}&#8221;]\t<div id=\"et-content-carousel-722\" class=\"row et-content-carousel slick regular-padding  slider-contenido\" data-center=\"\" data-columns=\"1\" data-autoplay=\"\" data-fade=\"false\" data-autoplay-speed=\"\" data-pause=\"\" data-navigation=\"true\" data-pagination=\"\" data-infinite=\"false\">\n\t\t[vc_single_image image=&#8221;3507&#8243; img_size=&#8221;full&#8221; css=&#8221;&#8221; title=&#8221;DESTRUCCI\u00d3N CERTIFICADA DE DOCUMENTOS&#8221;][vc_column_text css=&#8221;&#8221; el_class=&#8221;secciones-desc2&#8243;]\n<p style=\"text-align: center;\">Deshazte de la documentaci\u00f3n que ya no es archivable de forma segura.<\/p>\n<p>&nbsp;<\/p>\n<p style=\"text-align: center;\">En Cenema destruimos archivos siguiendo la normativa vigente de la Ley Org\u00e1nica de Protecci\u00f3n de Datos (LODP).<\/p>\n[\/vc_column_text]\t<\/div>\n\t\t\n\t[\/vc_column_inner][vc_column_inner el_class=&#8221;secciones dos&#8221; width=&#8221;1\/3&#8243; css=&#8221;.vc_custom_1715176082149{margin-right: 0px !important;margin-bottom: 2% !important;margin-left: 0px !important;}&#8221;]\t<div id=\"et-content-carousel-666\" class=\"row et-content-carousel slick regular-padding  slider-contenido\" data-center=\"\" data-columns=\"1\" data-autoplay=\"\" data-fade=\"false\" data-autoplay-speed=\"\" data-pause=\"\" data-navigation=\"true\" data-pagination=\"\" data-infinite=\"false\">\n\t\t[vc_single_image image=&#8221;3508&#8243; img_size=&#8221;full&#8221; css=&#8221;&#8221; title=&#8221;RECEPCI\u00d3N Y TRASLADO DE MERCANC\u00cdAS&#8221;][vc_column_text css=&#8221;&#8221; el_class=&#8221;secciones-desc2&#8243;]\n<p style=\"text-align: center;\">Preoc\u00fapate de lo realmente importante y \u00a1d\u00e9janos la log\u00edstica a nosotros!<\/p>\n<p style=\"text-align: center;\">Tambi\u00e9n nos encargamos del env\u00edo y de la recogida de tu mercanc\u00eda en horario de lunes a viernes de 9 a 19h.<\/p>\n[\/vc_column_text]\t<\/div>\n\t\t\n\t[\/vc_column_inner][vc_column_inner el_class=&#8221;secciones dos&#8221; width=&#8221;1\/3&#8243; css=&#8221;.vc_custom_1715176088400{margin-right: 0px !important;margin-bottom: 2% !important;margin-left: 0px !important;}&#8221;]\t<div id=\"et-content-carousel-828\" class=\"row et-content-carousel slick regular-padding  slider-contenido\" data-center=\"\" data-columns=\"1\" data-autoplay=\"\" data-fade=\"false\" data-autoplay-speed=\"\" data-pause=\"\" data-navigation=\"true\" data-pagination=\"\" data-infinite=\"false\">\n\t\t[vc_single_image image=&#8221;3509&#8243; img_size=&#8221;full&#8221; css=&#8221;&#8221; title=&#8221;CUSTODIA DE LLAVES&#8221;][vc_column_text css=&#8221;&#8221; el_class=&#8221;secciones-desc2&#8243;]\n<p style=\"text-align: center;\">La seguridad de tu empresa es lo primero.<\/p>\n<p style=\"text-align: center;\">Podr\u00e1s disponer de una copia de las llaves de tu empresa a buen recaudo y accesible cuando lo necesites, frente a cualquier imprevisto que pueda ocurrir.<\/p>\n[\/vc_column_text]\t<\/div>\n\t\t\n\t[\/vc_column_inner][\/vc_row_inner][\/vc_column][\/vc_row][vc_row et_full_width=&#8221;true&#8221; content_placement=&#8221;middle&#8221; css=&#8221;.vc_custom_1715091491697{margin-top: 0px !important;padding-top: 0px !important;padding-bottom: 40px !important;}&#8221; el_class=&#8221;wrapper-logos&#8221;][vc_column offset=&#8221;vc_col-lg-12&#8243;][vc_separator color=&#8221;custom&#8221; border_width=&#8221;3&#8243; css=&#8221;.vc_custom_1715175672075{margin-bottom: 45px !important;}&#8221; accent_color=&#8221;#6dd300&#8243;][vc_column_text css=&#8221;.vc_custom_1716819533559{margin-bottom: 60px !important;}&#8221; el_class=&#8221;grande verde&#8221;]\n<div class=\"page\" title=\"Page 2\">\n<div class=\"layoutArea\">\n<div class=\"column\">\n<h2 style=\"text-align: center;\">Ventajas para empresas<\/h2>\n<\/div>\n<\/div>\n<\/div>\n[\/vc_column_text][vc_row_inner et_column_align=&#8221;align-center&#8221; css=&#8221;.vc_custom_1715177287149{margin-right: 5% !important;margin-bottom: 2% !important;margin-left: 5% !important;}&#8221;][vc_column_inner el_class=&#8221;logos emp&#8221; width=&#8221;1\/4&#8243;][vc_single_image image=&#8221;3418&#8243; img_size=&#8221;full&#8221; css=&#8221;&#8221;][vc_column_text css=&#8221;&#8221;]\n<div class=\"page\" title=\"Page 2\">\n<div class=\"section\">\n<div class=\"layoutArea\">\n<div class=\"column\">\n<p style=\"text-align: center;\">Vigilancia 24h<\/p>\n<\/div>\n<\/div>\n<\/div>\n<\/div>\n[\/vc_column_text][\/vc_column_inner][vc_column_inner el_class=&#8221;logos emp&#8221; width=&#8221;1\/4&#8243;][vc_single_image image=&#8221;3425&#8243; img_size=&#8221;full&#8221; css=&#8221;&#8221;][vc_column_text css=&#8221;&#8221;]\n<div class=\"page\" title=\"Page 2\">\n<div class=\"section\">\n<div class=\"layoutArea\">\n<div class=\"column\">\n<div class=\"page\" title=\"Page 2\">\n<div class=\"section\">\n<div class=\"layoutArea\">\n<div class=\"column\">\n<p style=\"text-align: center;\">Acceso las 24h, 365 d\u00edas al a\u00f1o<\/p>\n<\/div>\n<\/div>\n<\/div>\n<\/div>\n<\/div>\n<\/div>\n<\/div>\n<\/div>\n[\/vc_column_text][\/vc_column_inner][vc_column_inner el_class=&#8221;logos emp&#8221; width=&#8221;1\/4&#8243;][vc_single_image image=&#8221;3474&#8243; img_size=&#8221;full&#8221; css=&#8221;&#8221;][vc_column_text css=&#8221;&#8221;]\n<div class=\"page\" title=\"Page 2\">\n<div class=\"section\">\n<div class=\"layoutArea\">\n<div class=\"column\">\n<div class=\"page\" title=\"Page 2\">\n<div class=\"section\">\n<div class=\"layoutArea\">\n<div class=\"column\">\n<p style=\"text-align: center;\">Alarma individual<\/p>\n<\/div>\n<\/div>\n<\/div>\n<\/div>\n<\/div>\n<\/div>\n<\/div>\n<\/div>\n[\/vc_column_text][\/vc_column_inner][vc_column_inner el_class=&#8221;logos emp&#8221; width=&#8221;1\/4&#8243;][vc_single_image image=&#8221;3475&#8243; img_size=&#8221;full&#8221; css=&#8221;&#8221;][vc_column_text css=&#8221;&#8221;]\n<div class=\"page\" title=\"Page 2\">\n<div class=\"section\">\n<div class=\"layoutArea\">\n<div class=\"column\">\n<div class=\"page\" title=\"Page 2\">\n<div class=\"section\">\n<div class=\"layoutArea\">\n<div class=\"column\">\n<p style=\"text-align: center;\">Seguro multirriesgo para cada trastero<\/p>\n<\/div>\n<\/div>\n<\/div>\n<\/div>\n<\/div>\n<\/div>\n<\/div>\n<\/div>\n[\/vc_column_text][\/vc_column_inner][\/vc_row_inner][vc_row_inner el_class=&#8221;emptres&#8221;][vc_column_inner el_class=&#8221;logos emp&#8221; width=&#8221;1\/3&#8243;][vc_single_image image=&#8221;3522&#8243; img_size=&#8221;full&#8221; css=&#8221;&#8221;][vc_column_text css=&#8221;&#8221;]\n<div class=\"page\" title=\"Page 2\">\n<div class=\"section\">\n<div class=\"layoutArea\">\n<div class=\"column\">\n<p style=\"text-align: center;\">Acceso para camiones con zona de carga y descarga<\/p>\n<\/div>\n<\/div>\n<\/div>\n<\/div>\n[\/vc_column_text][\/vc_column_inner][vc_column_inner el_class=&#8221;logos emp&#8221; width=&#8221;1\/3&#8243;][vc_single_image image=&#8221;3476&#8243; img_size=&#8221;full&#8221; css=&#8221;&#8221;][vc_column_text css=&#8221;&#8221;]\n<div class=\"page\" title=\"Page 2\">\n<div class=\"section\">\n<div class=\"layoutArea\">\n<div class=\"column\">\n<p style=\"text-align: center;\">Carros de transporte y zona de descarga<\/p>\n<\/div>\n<\/div>\n<\/div>\n<\/div>\n[\/vc_column_text][\/vc_column_inner][vc_column_inner el_class=&#8221;logos emp&#8221; width=&#8221;1\/3&#8243;][vc_single_image image=&#8221;3421&#8243; img_size=&#8221;full&#8221; css=&#8221;&#8221;][vc_column_text css=&#8221;&#8221;]\n<div class=\"page\" title=\"Page 2\">\n<div class=\"section\">\n<div class=\"layoutArea\">\n<div class=\"column\">\n<p style=\"text-align: center;\">Contratos flexibles y sin permanencia<\/p>\n<\/div>\n<\/div>\n<\/div>\n<\/div>\n[\/vc_column_text][\/vc_column_inner][\/vc_row_inner][\/vc_column][\/vc_row][vc_row css=&#8221;.vc_custom_1579117484725{margin-bottom: 40px !important;}&#8221;][vc_column][vc_separator color=&#8221;custom&#8221; border_width=&#8221;3&#8243; css=&#8221;.vc_custom_1715175672075{margin-bottom: 45px !important;}&#8221; accent_color=&#8221;#6dd300&#8243;][vc_row_inner et_max_width=&#8221;&#8221; css=&#8221;.vc_custom_1715072095533{margin-right: 5% !important;margin-left: 5% !important;}&#8221; el_class=&#8221;wrapper-secciones&#8221;][vc_column_inner el_class=&#8221;secciones&#8221; width=&#8221;1\/3&#8243; css=&#8221;.vc_custom_1715071880154{margin-right: 0px !important;margin-left: 0px !important;}&#8221;][vc_single_image image=&#8221;3491&#8243; img_size=&#8221;full&#8221; css=&#8221;&#8221;][vc_column_text css=&#8221;&#8221; el_class=&#8221;secciones-desc&#8221;]\u00a1P\u00eddenos presupuesto sin compromiso![\/vc_column_text][vc_column_text css=&#8221;&#8221;]<a href=\"\/contacto\/\">PEDIR PRESUPUESTO<\/a>[\/vc_column_text][\/vc_column_inner][vc_column_inner el_class=&#8221;secciones&#8221; width=&#8221;1\/3&#8243; css=&#8221;.vc_custom_1715071890054{margin-right: 0px !important;margin-bottom: 2% !important;margin-left: 0px !important;}&#8221;][vc_single_image image=&#8221;3492&#8243; img_size=&#8221;full&#8221; css=&#8221;&#8221;][vc_column_text css=&#8221;&#8221; el_class=&#8221;secciones-desc&#8221;]\n<div class=\"page\" title=\"Page 2\">\n<div class=\"section\">\n<div class=\"layoutArea\">\n<div class=\"column\">\n<p>Encuentra aqu\u00ed todo el material para tu mudanza<\/p><\/div>\n<\/div>\n<\/div>\n<\/div>\n[\/vc_column_text][vc_column_text css=&#8221;&#8221;]<a href=\"\/tienda\/\">IR A LA TIENDA<\/a>[\/vc_column_text][\/vc_column_inner][vc_column_inner el_class=&#8221;secciones&#8221; width=&#8221;1\/3&#8243; css=&#8221;.vc_custom_1715071899191{margin-right: 0px !important;margin-bottom: 2% !important;margin-left: 0px !important;}&#8221;][vc_single_image image=&#8221;3493&#8243; img_size=&#8221;full&#8221; css=&#8221;&#8221;][vc_column_text css=&#8221;&#8221; el_class=&#8221;secciones-desc&#8221;]\n<div class=\"page\" title=\"Page 2\">\n<div class=\"section\">\n<div class=\"layoutArea\">\n<div class=\"column\">\n<p>\u00a1Busca tu centro de Cenema Trasteros m\u00e1s cercano!<\/p><\/div>\n<\/div>\n<\/div>\n<\/div>\n[\/vc_column_text][vc_column_text css=&#8221;&#8221;]<a href=\"\/centros\/\">BUSCAR CENTRO<\/a>[\/vc_column_text][\/vc_column_inner][\/vc_row_inner][\/vc_column][\/vc_row]\n<\/div>","protected":false},"excerpt":{"rendered":"<p>[vc_row et_full_width=&#8221;true&#8221; et_row_padding=&#8221;true&#8221; et_column_align=&#8221;align-center&#8221; css=&#8221;.vc_custom_1715070974326{margin-right: 0px !important;margin-bottom: 0px !important;margin-left: 0px !important;padding-right: 0px !important;padding-left: 0px !important;}&#8221;][vc_column offset=&#8221;vc_col-lg-12&#8243; css=&#8221;.vc_custom_1715071011153{margin-right: 0px !important;margin-bottom: 0px !important;margin-left: 0px !important;padding-right: 0px !important;padding-left: 0px !important;}&#8221;][vc_single_image image=&#8221;3502&#8243; img_size=&#8221;full&#8221; css=&#8221;.vc_custom_1715175661982{margin-right: 0px !important;margin-bottom: 0px !important;margin-left: 0px !important;padding-right: 0px !important;padding-left: 0px !important;}&#8221;][vc_separator color=&#8221;custom&#8221; border_width=&#8221;3&#8243; css=&#8221;.vc_custom_1715175672075{margin-bottom: 45px !important;}&#8221; accent_color=&#8221;#6dd300&#8243;][\/vc_column][\/vc_row][vc_row css=&#8221;.vc_custom_1715087817960{margin-bottom: 40px !important;}&#8221;][vc_column][vc_column_text css=&#8221;.vc_custom_1715175667958{margin-bottom: [&hellip;]<\/p>\n","protected":false},"author":1,"featured_media":0,"parent":0,"menu_order":0,"comment_status":"closed","ping_status":"closed","template":"","meta":{"footnotes":""},"class_list":["post-3501","page","type-page","status-publish","hentry"],"_links":{"self":[{"href":"https:\/\/cenematrasters.modula.tv\/index.php?rest_route=\/wp\/v2\/pages\/3501","targetHints":{"allow":["GET"]}}],"collection":[{"href":"https:\/\/cenematrasters.modula.tv\/index.php?rest_route=\/wp\/v2\/pages"}],"about":[{"href":"https:\/\/cenematrasters.modula.tv\/index.php?rest_route=\/wp\/v2\/types\/page"}],"author":[{"embeddable":true,"href":"https:\/\/cenematrasters.modula.tv\/index.php?rest_route=\/wp\/v2\/users\/1"}],"replies":[{"embeddable":true,"href":"https:\/\/cenematrasters.modula.tv\/index.php?rest_route=%2Fwp%2Fv2%2Fcomments&post=3501"}],"version-history":[{"count":33,"href":"https:\/\/cenematrasters.modula.tv\/index.php?rest_route=\/wp\/v2\/pages\/3501\/revisions"}],"predecessor-version":[{"id":3832,"href":"https:\/\/cenematrasters.modula.tv\/index.php?rest_route=\/wp\/v2\/pages\/3501\/revisions\/3832"}],"wp:attachment":[{"href":"https:\/\/cenematrasters.modula.tv\/index.php?rest_route=%2Fwp%2Fv2%2Fmedia&parent=3501"}],"curies":[{"name":"wp","href":"https:\/\/api.w.org\/{rel}","templated":true}]}}