{"id":3529,"date":"2024-05-08T16:31:34","date_gmt":"2024-05-08T14:31:34","guid":{"rendered":"https:\/\/cenematrasters.com\/?page_id=3529"},"modified":"2024-05-16T16:25:53","modified_gmt":"2024-05-16T14:25:53","slug":"mudanzas","status":"publish","type":"page","link":"https:\/\/cenematrasters.modula.tv\/?page_id=3529","title":{"rendered":"Mudanzas"},"content":{"rendered":"<div class=\"wpb-content-wrapper\">[vc_row et_full_width=&#8221;true&#8221; et_row_padding=&#8221;true&#8221; et_column_align=&#8221;align-center&#8221; css=&#8221;.vc_custom_1715070974326{margin-right: 0px !important;margin-bottom: 0px !important;margin-left: 0px !important;padding-right: 0px !important;padding-left: 0px !important;}&#8221;][vc_column offset=&#8221;vc_col-lg-12&#8243; css=&#8221;.vc_custom_1715071011153{margin-right: 0px !important;margin-bottom: 0px !important;margin-left: 0px !important;padding-right: 0px !important;padding-left: 0px !important;}&#8221;][vc_single_image image=&#8221;3530&#8243; img_size=&#8221;full&#8221; css=&#8221;.vc_custom_1715178599160{margin-right: 0px !important;margin-bottom: 0px !important;margin-left: 0px !important;padding-right: 0px !important;padding-left: 0px !important;}&#8221;][vc_separator color=&#8221;custom&#8221; border_width=&#8221;3&#8243; css=&#8221;.vc_custom_1715175672075{margin-bottom: 45px !important;}&#8221; accent_color=&#8221;#6dd300&#8243;][\/vc_column][\/vc_row][vc_row css=&#8221;.vc_custom_1715087817960{margin-bottom: 40px !important;}&#8221;][vc_column][vc_column_text css=&#8221;.vc_custom_1715178712075{margin-bottom: 60px !important;}&#8221; el_class=&#8221;grande verde&#8221;]\n<div class=\"page\" title=\"Page 2\">\n<div class=\"layoutArea\">\n<div class=\"column\">\n<h2 style=\"text-align: center;\">\u00bfC\u00f3mo funciona?<\/h2>\n<\/div>\n<\/div>\n<\/div>\n[\/vc_column_text][vc_row_inner et_max_width=&#8221;&#8221; css=&#8221;.vc_custom_1715176713881{margin-right: 5% !important;margin-bottom: 0px !important;margin-left: 5% !important;}&#8221; el_class=&#8221;wrapper-secciones&#8221;][vc_column_inner el_class=&#8221;secciones dos&#8221; width=&#8221;1\/3&#8243; css=&#8221;.vc_custom_1715176074062{margin-right: 0px !important;margin-left: 0px !important;}&#8221;][vc_single_image image=&#8221;3531&#8243; img_size=&#8221;full&#8221; css=&#8221;&#8221;][\/vc_column_inner][vc_column_inner el_class=&#8221;secciones dos&#8221; width=&#8221;1\/3&#8243; css=&#8221;.vc_custom_1715176082149{margin-right: 0px !important;margin-bottom: 2% !important;margin-left: 0px !important;}&#8221;][vc_single_image image=&#8221;3532&#8243; img_size=&#8221;full&#8221; css=&#8221;&#8221;][\/vc_column_inner][vc_column_inner el_class=&#8221;secciones dos&#8221; width=&#8221;1\/3&#8243; css=&#8221;.vc_custom_1715176088400{margin-right: 0px !important;margin-bottom: 2% !important;margin-left: 0px !important;}&#8221;][vc_single_image image=&#8221;3533&#8243; img_size=&#8221;full&#8221; css=&#8221;&#8221;][\/vc_column_inner][\/vc_row_inner][\/vc_column][\/vc_row][vc_row et_full_width=&#8221;true&#8221; et_row_padding=&#8221;true&#8221; css=&#8221;.vc_custom_1715091462396{margin-bottom: 0px !important;}&#8221;][vc_column][vc_separator color=&#8221;custom&#8221; border_width=&#8221;3&#8243; css=&#8221;.vc_custom_1715175672075{margin-bottom: 45px !important;}&#8221; accent_color=&#8221;#6dd300&#8243;][vc_column_text css=&#8221;.vc_custom_1715178741265{margin-bottom: 60px !important;}&#8221; el_class=&#8221;grande&#8221;]\n<div class=\"page\" title=\"Page 2\">\n<div class=\"layoutArea\">\n<div class=\"column\">\n<h2 style=\"text-align: center;\">\u00bfNecesitas ayuda con tu mudanza?<\/h2>\n<\/div>\n<\/div>\n<\/div>\n[\/vc_column_text][\/vc_column][\/vc_row][vc_row css=&#8221;.vc_custom_1579117484725{margin-bottom: 40px !important;}&#8221;][vc_column][vc_row_inner et_max_width=&#8221;&#8221; css=&#8221;.vc_custom_1715176713881{margin-right: 5% !important;margin-bottom: 0px !important;margin-left: 5% !important;}&#8221; el_class=&#8221;wrapper-secciones&#8221;][vc_column_inner el_class=&#8221;secciones dos&#8221; width=&#8221;1\/3&#8243; css=&#8221;.vc_custom_1715176074062{margin-right: 0px !important;margin-left: 0px !important;}&#8221;]\t<div id=\"et-content-carousel-129\" class=\"row et-content-carousel slick regular-padding  slider-contenido\" data-center=\"\" data-columns=\"1\" data-autoplay=\"\" data-fade=\"false\" data-autoplay-speed=\"\" data-pause=\"\" data-navigation=\"true\" data-pagination=\"\" data-infinite=\"false\">\n\t\t[vc_single_image image=&#8221;3537&#8243; img_size=&#8221;full&#8221; css=&#8221;&#8221; title=&#8221;MUDANZAS NACIONALES&#8221;][vc_column_text css=&#8221;&#8221; el_class=&#8221;secciones-desc2&#8243;]\n<p style=\"text-align: center;\">Sea como sea tu mudanza, grande o peque\u00f1a, Cenema Trasters dispone de una red de profesionales que te ayudar\u00e1n con el desplazamiento de tus pertenencias a cualquier rinc\u00f3n del territorio espa\u00f1ol.<\/p>\n[\/vc_column_text]\t<\/div>\n\t\t\n\t[\/vc_column_inner][vc_column_inner el_class=&#8221;secciones dos&#8221; width=&#8221;1\/3&#8243; css=&#8221;.vc_custom_1715176082149{margin-right: 0px !important;margin-bottom: 2% !important;margin-left: 0px !important;}&#8221;]\t<div id=\"et-content-carousel-901\" class=\"row et-content-carousel slick regular-padding  slider-contenido\" data-center=\"\" data-columns=\"1\" data-autoplay=\"\" data-fade=\"false\" data-autoplay-speed=\"\" data-pause=\"\" data-navigation=\"true\" data-pagination=\"\" data-infinite=\"false\">\n\t\t[vc_single_image image=&#8221;3538&#8243; img_size=&#8221;full&#8221; css=&#8221;&#8221; title=&#8221;MUDANZAS INTERNACIONALES&#8221;][vc_column_text css=&#8221;&#8221; el_class=&#8221;secciones-desc2&#8243;]\n<p style=\"text-align: center;\">\u00bfTe mudas fuera de Espa\u00f1a? \u00a1Ning\u00fan problema! Nuestros profesionales te ayudar\u00e1n con el traslado de tus cosas a tu nuevo destino.<\/p>\n[\/vc_column_text]\t<\/div>\n\t\t\n\t[\/vc_column_inner][vc_column_inner el_class=&#8221;secciones dos&#8221; width=&#8221;1\/3&#8243; css=&#8221;.vc_custom_1715176088400{margin-right: 0px !important;margin-bottom: 2% !important;margin-left: 0px !important;}&#8221;]\t<div id=\"et-content-carousel-919\" class=\"row et-content-carousel slick regular-padding  slider-contenido\" data-center=\"\" data-columns=\"1\" data-autoplay=\"\" data-fade=\"false\" data-autoplay-speed=\"\" data-pause=\"\" data-navigation=\"true\" data-pagination=\"\" data-infinite=\"false\">\n\t\t[vc_single_image image=&#8221;3539&#8243; img_size=&#8221;full&#8221; css=&#8221;&#8221; title=&#8221;TRASLADO DE PAQUETER\u00cdA&#8221;][vc_column_text css=&#8221;&#8221; el_class=&#8221;secciones-desc2&#8243;]\n<p style=\"text-align: center;\">Tanto si eres un particular, como si tienes una empresa, Cenema tiene una opci\u00f3n para ti. Te ayudamos con el env\u00edo, el traslado y la recogida de tus paquetes.<\/p>\n[\/vc_column_text]\t<\/div>\n\t\t\n\t[\/vc_column_inner][\/vc_row_inner][\/vc_column][\/vc_row][vc_row css=&#8221;.vc_custom_1579117484725{margin-bottom: 40px !important;}&#8221;][vc_column][vc_separator color=&#8221;custom&#8221; border_width=&#8221;3&#8243; css=&#8221;.vc_custom_1715175672075{margin-bottom: 45px !important;}&#8221; accent_color=&#8221;#6dd300&#8243;][vc_row_inner et_max_width=&#8221;&#8221; css=&#8221;.vc_custom_1715072095533{margin-right: 5% !important;margin-left: 5% !important;}&#8221; el_class=&#8221;wrapper-secciones&#8221;][vc_column_inner el_class=&#8221;secciones&#8221; width=&#8221;1\/3&#8243; css=&#8221;.vc_custom_1715071880154{margin-right: 0px !important;margin-left: 0px !important;}&#8221;][vc_single_image image=&#8221;3491&#8243; img_size=&#8221;full&#8221; css=&#8221;&#8221;][vc_column_text css=&#8221;&#8221; el_class=&#8221;secciones-desc&#8221;]\u00a1P\u00eddenos presupuesto sin compromiso![\/vc_column_text][vc_column_text css=&#8221;&#8221;]PEDIR PRESUPUESTO[\/vc_column_text][\/vc_column_inner][vc_column_inner el_class=&#8221;secciones&#8221; width=&#8221;1\/3&#8243; css=&#8221;.vc_custom_1715071890054{margin-right: 0px !important;margin-bottom: 2% !important;margin-left: 0px !important;}&#8221;][vc_single_image image=&#8221;3492&#8243; img_size=&#8221;full&#8221; css=&#8221;&#8221;][vc_column_text css=&#8221;&#8221; el_class=&#8221;secciones-desc&#8221;]\n<div class=\"page\" title=\"Page 2\">\n<div class=\"section\">\n<div class=\"layoutArea\">\n<div class=\"column\">\n<p>Encuentra aqu\u00ed todo el material para tu mudanza<\/p>\n<\/div>\n<\/div>\n<\/div>\n<\/div>\n[\/vc_column_text][vc_column_text css=&#8221;&#8221;]<a href=\"\/tienda\/\">IR A LA TIENDA<\/a>[\/vc_column_text][\/vc_column_inner][vc_column_inner el_class=&#8221;secciones&#8221; width=&#8221;1\/3&#8243; css=&#8221;.vc_custom_1715071899191{margin-right: 0px !important;margin-bottom: 2% !important;margin-left: 0px !important;}&#8221;][vc_single_image image=&#8221;3493&#8243; img_size=&#8221;full&#8221; css=&#8221;&#8221;][vc_column_text css=&#8221;&#8221; el_class=&#8221;secciones-desc&#8221;]\n<div class=\"page\" title=\"Page 2\">\n<div class=\"section\">\n<div class=\"layoutArea\">\n<div class=\"column\">\n<p>\u00a1Busca tu centro de Cenema Trasteros m\u00e1s cercano!<\/p>\n<\/div>\n<\/div>\n<\/div>\n<\/div>\n[\/vc_column_text][vc_column_text css=&#8221;&#8221;]<a href=\"\/centros\/\">BUSCAR CENTRO<\/a>[\/vc_column_text][\/vc_column_inner][\/vc_row_inner][\/vc_column][\/vc_row]\n<\/div>","protected":false},"excerpt":{"rendered":"<p>[vc_row et_full_width=&#8221;true&#8221; et_row_padding=&#8221;true&#8221; et_column_align=&#8221;align-center&#8221; css=&#8221;.vc_custom_1715070974326{margin-right: 0px !important;margin-bottom: 0px !important;margin-left: 0px !important;padding-right: 0px !important;padding-left: 0px !important;}&#8221;][vc_column offset=&#8221;vc_col-lg-12&#8243; css=&#8221;.vc_custom_1715071011153{margin-right: 0px !important;margin-bottom: 0px !important;margin-left: 0px !important;padding-right: 0px !important;padding-left: 0px !important;}&#8221;][vc_single_image image=&#8221;3530&#8243; img_size=&#8221;full&#8221; css=&#8221;.vc_custom_1715178599160{margin-right: 0px !important;margin-bottom: 0px !important;margin-left: 0px !important;padding-right: 0px !important;padding-left: 0px !important;}&#8221;][vc_separator color=&#8221;custom&#8221; border_width=&#8221;3&#8243; css=&#8221;.vc_custom_1715175672075{margin-bottom: 45px !important;}&#8221; accent_color=&#8221;#6dd300&#8243;][\/vc_column][\/vc_row][vc_row css=&#8221;.vc_custom_1715087817960{margin-bottom: 40px !important;}&#8221;][vc_column][vc_column_text css=&#8221;.vc_custom_1715178712075{margin-bottom: [&hellip;]<\/p>\n","protected":false},"author":1,"featured_media":0,"parent":0,"menu_order":0,"comment_status":"closed","ping_status":"closed","template":"","meta":{"footnotes":""},"class_list":["post-3529","page","type-page","status-publish","hentry"],"_links":{"self":[{"href":"https:\/\/cenematrasters.modula.tv\/index.php?rest_route=\/wp\/v2\/pages\/3529","targetHints":{"allow":["GET"]}}],"collection":[{"href":"https:\/\/cenematrasters.modula.tv\/index.php?rest_route=\/wp\/v2\/pages"}],"about":[{"href":"https:\/\/cenematrasters.modula.tv\/index.php?rest_route=\/wp\/v2\/types\/page"}],"author":[{"embeddable":true,"href":"https:\/\/cenematrasters.modula.tv\/index.php?rest_route=\/wp\/v2\/users\/1"}],"replies":[{"embeddable":true,"href":"https:\/\/cenematrasters.modula.tv\/index.php?rest_route=%2Fwp%2Fv2%2Fcomments&post=3529"}],"version-history":[{"count":15,"href":"https:\/\/cenematrasters.modula.tv\/index.php?rest_route=\/wp\/v2\/pages\/3529\/revisions"}],"predecessor-version":[{"id":3754,"href":"https:\/\/cenematrasters.modula.tv\/index.php?rest_route=\/wp\/v2\/pages\/3529\/revisions\/3754"}],"wp:attachment":[{"href":"https:\/\/cenematrasters.modula.tv\/index.php?rest_route=%2Fwp%2Fv2%2Fmedia&parent=3529"}],"curies":[{"name":"wp","href":"https:\/\/api.w.org\/{rel}","templated":true}]}}