{"id":3588,"date":"2024-05-09T09:39:34","date_gmt":"2024-05-09T07:39:34","guid":{"rendered":"https:\/\/cenematrasters.com\/?page_id=3588"},"modified":"2024-06-03T12:34:11","modified_gmt":"2024-06-03T10:34:11","slug":"quienes-somos","status":"publish","type":"page","link":"https:\/\/cenematrasters.modula.tv\/?page_id=3588","title":{"rendered":"\u00bfQui\u00e9nes somos?"},"content":{"rendered":"<div class=\"wpb-content-wrapper\">[vc_row et_full_width=&#8221;true&#8221; et_row_padding=&#8221;true&#8221; css=&#8221;.vc_custom_1715243333918{margin-bottom: 0px !important;padding-bottom: 0px !important;}&#8221;][vc_column css=&#8221;.vc_custom_1715243343430{margin-right: 0px !important;margin-bottom: 0px !important;margin-left: 0px !important;padding-right: 0px !important;padding-bottom: 0px !important;padding-left: 0px !important;}&#8221;][vc_row_inner et_column_align=&#8221;align-center&#8221; et_row_padding=&#8221;true&#8221; css=&#8221;.vc_custom_1715241237305{margin-right: 0px !important;margin-left: 0px !important;padding-top: 4% !important;padding-right: 0px !important;padding-bottom: 4% !important;padding-left: 0px !important;}&#8221;][vc_column_inner width=&#8221;5\/6&#8243; css=&#8221;.vc_custom_1715241002324{margin-right: 0px !important;margin-left: 0px !important;}&#8221;][vc_column_text css=&#8221;&#8221; el_class=&#8221;grande&#8221;]\n<h1 style=\"text-align: center;\">\u00bfC\u00f3mo nace Cenema Trasters?<\/h1>\n[\/vc_column_text][vc_column_text css=&#8221;.vc_custom_1715944370635{margin-right: 0px !important;margin-left: 0px !important;padding-right: 0px !important;padding-left: 0px !important;}&#8221; el_class=&#8221;quienes&#8221;]\n<p style=\"text-align: center;\"><span style=\"color: #000000;\">Desde nuestros or\u00edgenes en 2016 en Matar\u00f3, nace Cenema Trasters como una forma de ofrecer servicios de alquiler de trasteros a los clientes de nuestro Business Center \u2013 Cenema Centro de Negocios. No obstante, hemos ido evolucionando y expandiendo nuestra presencia a trav\u00e9s de diversas zonas de Barcelona, Terrassa y Blanes, lo que nos ha brindado la experiencia necesaria para proporcionar las mejores opciones en almacenamiento. Nuestra marca nace para responder, de forma efectiva, a la demanda de espacio de todas aquellas personas que buscan soluciones eficientes.<\/span><\/p>\n[\/vc_column_text][\/vc_column_inner][\/vc_row_inner][vc_row_inner et_column_align=&#8221;align-center&#8221; et_row_padding=&#8221;true&#8221; css=&#8221;.vc_custom_1715241253344{margin-right: 0px !important;margin-left: 0px !important;padding-top: 4% !important;padding-right: 0px !important;padding-bottom: 4% !important;padding-left: 0px !important;background-color: #000000 !important;}&#8221;][vc_column_inner width=&#8221;5\/6&#8243; css=&#8221;.vc_custom_1715241002324{margin-right: 0px !important;margin-left: 0px !important;}&#8221;][vc_column_text css=&#8221;&#8221; el_class=&#8221;blanco grande&#8221;]\n<h1 style=\"text-align: center;\">Nuestra misi\u00f3n<\/h1>\n[\/vc_column_text][vc_column_text css=&#8221;.vc_custom_1715944377387{margin-right: 0px !important;margin-left: 0px !important;padding-right: 0px !important;padding-left: 0px !important;}&#8221; el_class=&#8221;blanco quienes&#8221;]\n<p style=\"text-align: center;\">En Cenema Trasters, nos dedicamos a ofrecer soluciones completas, eficaces y flexibles de almacenamiento adaptadas a las necesidades de nuestros clientes. Desde nuestros inicios, nos hemos propuesto expandir nuestros servicios a nuevas regiones, y nuestro objetivo es proporcionar las mejores opciones de self storage con la \u00faltima tecnolog\u00eda en seguridad y un servicio personalizado y cercano.<\/p>\n<p style=\"text-align: center;\">Adem\u00e1s, buscamos crear un entorno laboral donde nuestros empleados encuentren oportunidades de crecimiento, fomentando los mejores valores de trabajo en equipo para que puedan adquirir experiencias profesionales valiosas. Reconocemos que una atenci\u00f3n de calidad, no solo pasa por cuidar a nuestros clientes, sino tambi\u00e9n a nuestros trabajadores y proveedores y nos comprometemos a hacer que estos valores puedan ser sostenibles a largo plazo.<\/p>\n[\/vc_column_text][\/vc_column_inner][\/vc_row_inner][vc_row_inner et_column_align=&#8221;align-center&#8221; et_row_padding=&#8221;true&#8221; css=&#8221;.vc_custom_1715241260285{margin-right: 0px !important;margin-left: 0px !important;padding-top: 4% !important;padding-right: 0px !important;padding-bottom: 4% !important;padding-left: 0px !important;}&#8221;][vc_column_inner width=&#8221;5\/6&#8243; css=&#8221;.vc_custom_1715241002324{margin-right: 0px !important;margin-left: 0px !important;}&#8221;][vc_column_text css=&#8221;&#8221; el_class=&#8221;grande&#8221;]\n<h1 style=\"text-align: center;\">Nuestra visi\u00f3n<\/h1>\n[\/vc_column_text][vc_column_text css=&#8221;.vc_custom_1715944391838{margin-right: 0px !important;margin-left: 0px !important;padding-right: 0px !important;padding-left: 0px !important;}&#8221; el_class=&#8221;quienes&#8221;]\n<p style=\"text-align: center;\"><span style=\"color: #000000;\">Ambicionamos posicionarnos como l\u00edderes en el sector del almacenamiento y servicios asociados, destacando por nuestra excelencia en la relaci\u00f3n calidad-precio, por estar siempre a la vanguardia de la tecnolog\u00eda en seguridad y por nuestro trato cercano con nuestros usuarios. Nos consideramos personas al servicio de otras personas y aspiramos a ser reconocidos como la opci\u00f3n predilecta para aquellos que buscan una soluci\u00f3n confiable a la falta de espacio, respaldada por valores de honestidad, transparencia y cercan\u00eda. Nos esforzamos continuamente para ampliar nuestra presencia en los mercados en los que ya operamos y en nuevas ciudades, acerc\u00e1ndonos cada vez m\u00e1s a ti.<\/span><\/p>\n[\/vc_column_text][\/vc_column_inner][\/vc_row_inner][vc_row_inner disable_element=&#8221;yes&#8221; css=&#8221;.vc_custom_1717410838976{margin-bottom: 0px !important;padding-top: 4% !important;padding-bottom: 1% !important;background-color: #47d025 !important;}&#8221;][vc_column_inner][vc_column_text css=&#8221;&#8221; el_class=&#8221;blanco grande&#8221;]\n<h1 style=\"text-align: center;\">Nuestro equipo<\/h1>\n[\/vc_column_text][\/vc_column_inner][\/vc_row_inner][vc_row_inner et_max_width=&#8221;&#8221; disable_element=&#8221;yes&#8221; css=&#8221;.vc_custom_1717410844778{margin-top: 0px !important;margin-bottom: 0px !important;padding-top: 0px !important;padding-bottom: 0px !important;background-color: #47d025 !important;}&#8221; el_class=&#8221;wrapper-secciones equipo&#8221;][vc_column_inner el_class=&#8221;secciones dos&#8221; width=&#8221;1\/3&#8243; css=&#8221;.vc_custom_1715242879367{margin-right: 0px !important;margin-left: 0px !important;padding-right: 2% !important;padding-left: 4% !important;}&#8221;][vc_single_image image=&#8221;3552&#8243; img_size=&#8221;full&#8221; css=&#8221;&#8221;][vc_column_text css=&#8221;&#8221; el_class=&#8221;secciones-desc&#8221;]DIRECTOR[\/vc_column_text][vc_column_text css=&#8221;&#8221; el_class=&#8221;secciones-desc nombre&#8221;]Nombre[\/vc_column_text][\/vc_column_inner][vc_column_inner el_class=&#8221;secciones dos&#8221; width=&#8221;1\/3&#8243; css=&#8221;.vc_custom_1715242887436{margin-right: 0px !important;margin-bottom: 2% !important;margin-left: 0px !important;padding-right: 2% !important;padding-left: 2% !important;}&#8221;][vc_single_image image=&#8221;3552&#8243; img_size=&#8221;full&#8221; css=&#8221;&#8221;][vc_column_text css=&#8221;&#8221; el_class=&#8221;secciones-desc&#8221;]DIRECTOR[\/vc_column_text][vc_column_text css=&#8221;&#8221; el_class=&#8221;secciones-desc nombre&#8221;]Nombre[\/vc_column_text][\/vc_column_inner][vc_column_inner el_class=&#8221;secciones dos&#8221; width=&#8221;1\/3&#8243; css=&#8221;.vc_custom_1715242898935{margin-right: 0px !important;margin-bottom: 2% !important;margin-left: 0px !important;padding-right: 4% !important;padding-left: 2% !important;}&#8221;][vc_single_image image=&#8221;3552&#8243; img_size=&#8221;full&#8221; css=&#8221;&#8221;][vc_column_text css=&#8221;&#8221; el_class=&#8221;secciones-desc&#8221;]DIRECTOR[\/vc_column_text][vc_column_text css=&#8221;&#8221; el_class=&#8221;secciones-desc nombre&#8221;]Nombre[\/vc_column_text][\/vc_column_inner][\/vc_row_inner][vc_row_inner et_max_width=&#8221;&#8221; disable_element=&#8221;yes&#8221; css=&#8221;.vc_custom_1717410850095{margin-top: 0px !important;margin-bottom: 0px !important;padding-top: 0px !important;background-color: #47d025 !important;}&#8221; el_class=&#8221;wrapper-secciones equipo&#8221;][vc_column_inner el_class=&#8221;secciones dos&#8221; width=&#8221;1\/3&#8243; css=&#8221;.vc_custom_1715242879367{margin-right: 0px !important;margin-left: 0px !important;padding-right: 2% !important;padding-left: 4% !important;}&#8221;][vc_single_image image=&#8221;3552&#8243; img_size=&#8221;full&#8221; css=&#8221;&#8221;][vc_column_text css=&#8221;&#8221; el_class=&#8221;secciones-desc&#8221;]DIRECTOR[\/vc_column_text][vc_column_text css=&#8221;&#8221; el_class=&#8221;secciones-desc nombre&#8221;]Nombre[\/vc_column_text][\/vc_column_inner][vc_column_inner el_class=&#8221;secciones dos&#8221; width=&#8221;1\/3&#8243; css=&#8221;.vc_custom_1715242887436{margin-right: 0px !important;margin-bottom: 2% !important;margin-left: 0px !important;padding-right: 2% !important;padding-left: 2% !important;}&#8221;][vc_single_image image=&#8221;3552&#8243; img_size=&#8221;full&#8221; css=&#8221;&#8221;][vc_column_text css=&#8221;&#8221; el_class=&#8221;secciones-desc&#8221;]DIRECTOR[\/vc_column_text][vc_column_text css=&#8221;&#8221; el_class=&#8221;secciones-desc nombre&#8221;]Nombre[\/vc_column_text][\/vc_column_inner][vc_column_inner el_class=&#8221;secciones dos&#8221; width=&#8221;1\/3&#8243; css=&#8221;.vc_custom_1715242898935{margin-right: 0px !important;margin-bottom: 2% !important;margin-left: 0px !important;padding-right: 4% !important;padding-left: 2% !important;}&#8221;][vc_single_image image=&#8221;3552&#8243; img_size=&#8221;full&#8221; css=&#8221;&#8221;][vc_column_text css=&#8221;&#8221; el_class=&#8221;secciones-desc&#8221;]DIRECTOR[\/vc_column_text][vc_column_text css=&#8221;&#8221; el_class=&#8221;secciones-desc nombre&#8221;]Nombre[\/vc_column_text][\/vc_column_inner][\/vc_row_inner][\/vc_column][\/vc_row]\n<\/div>","protected":false},"excerpt":{"rendered":"<p>[vc_row et_full_width=&#8221;true&#8221; et_row_padding=&#8221;true&#8221; css=&#8221;.vc_custom_1715243333918{margin-bottom: 0px !important;padding-bottom: 0px !important;}&#8221;][vc_column css=&#8221;.vc_custom_1715243343430{margin-right: 0px !important;margin-bottom: 0px !important;margin-left: 0px !important;padding-right: 0px !important;padding-bottom: 0px !important;padding-left: 0px !important;}&#8221;][vc_row_inner et_column_align=&#8221;align-center&#8221; et_row_padding=&#8221;true&#8221; css=&#8221;.vc_custom_1715241237305{margin-right: 0px !important;margin-left: 0px !important;padding-top: 4% !important;padding-right: 0px !important;padding-bottom: 4% !important;padding-left: 0px !important;}&#8221;][vc_column_inner width=&#8221;5\/6&#8243; css=&#8221;.vc_custom_1715241002324{margin-right: 0px !important;margin-left: 0px !important;}&#8221;][vc_column_text css=&#8221;&#8221; el_class=&#8221;grande&#8221;] \u00bfC\u00f3mo nace Cenema Trasters? [\/vc_column_text][vc_column_text css=&#8221;.vc_custom_1715944370635{margin-right: [&hellip;]<\/p>\n","protected":false},"author":1,"featured_media":0,"parent":0,"menu_order":0,"comment_status":"closed","ping_status":"closed","template":"","meta":{"footnotes":""},"class_list":["post-3588","page","type-page","status-publish","hentry"],"_links":{"self":[{"href":"https:\/\/cenematrasters.modula.tv\/index.php?rest_route=\/wp\/v2\/pages\/3588","targetHints":{"allow":["GET"]}}],"collection":[{"href":"https:\/\/cenematrasters.modula.tv\/index.php?rest_route=\/wp\/v2\/pages"}],"about":[{"href":"https:\/\/cenematrasters.modula.tv\/index.php?rest_route=\/wp\/v2\/types\/page"}],"author":[{"embeddable":true,"href":"https:\/\/cenematrasters.modula.tv\/index.php?rest_route=\/wp\/v2\/users\/1"}],"replies":[{"embeddable":true,"href":"https:\/\/cenematrasters.modula.tv\/index.php?rest_route=%2Fwp%2Fv2%2Fcomments&post=3588"}],"version-history":[{"count":28,"href":"https:\/\/cenematrasters.modula.tv\/index.php?rest_route=\/wp\/v2\/pages\/3588\/revisions"}],"predecessor-version":[{"id":3958,"href":"https:\/\/cenematrasters.modula.tv\/index.php?rest_route=\/wp\/v2\/pages\/3588\/revisions\/3958"}],"wp:attachment":[{"href":"https:\/\/cenematrasters.modula.tv\/index.php?rest_route=%2Fwp%2Fv2%2Fmedia&parent=3588"}],"curies":[{"name":"wp","href":"https:\/\/api.w.org\/{rel}","templated":true}]}}