{"id":3853,"date":"2024-05-27T16:39:56","date_gmt":"2024-05-27T14:39:56","guid":{"rendered":"https:\/\/cenematrasters.com\/?page_id=3853"},"modified":"2024-06-03T12:41:15","modified_gmt":"2024-06-03T10:41:15","slug":"qui-som","status":"publish","type":"page","link":"https:\/\/cenematrasters.modula.tv\/?page_id=3853&lang=ca","title":{"rendered":"Qui som?"},"content":{"rendered":"<div class=\"wpb-content-wrapper\">[vc_row et_full_width=&#8221;true&#8221; et_row_padding=&#8221;true&#8221; css=&#8221;.vc_custom_1715243333918{margin-bottom: 0px !important;padding-bottom: 0px !important;}&#8221;][vc_column css=&#8221;.vc_custom_1715243343430{margin-right: 0px !important;margin-bottom: 0px !important;margin-left: 0px !important;padding-right: 0px !important;padding-bottom: 0px !important;padding-left: 0px !important;}&#8221;][vc_row_inner et_column_align=&#8221;align-center&#8221; et_row_padding=&#8221;true&#8221; css=&#8221;.vc_custom_1715241237305{margin-right: 0px !important;margin-left: 0px !important;padding-top: 4% !important;padding-right: 0px !important;padding-bottom: 4% !important;padding-left: 0px !important;}&#8221;][vc_column_inner width=&#8221;5\/6&#8243; css=&#8221;.vc_custom_1715241002324{margin-right: 0px !important;margin-left: 0px !important;}&#8221;][vc_column_text css=&#8221;&#8221; el_class=&#8221;grande&#8221;]\n<h1 style=\"text-align: center;\">Com neix Cenema Trasters?<\/h1>\n[\/vc_column_text][vc_column_text css=&#8221;.vc_custom_1716820840375{margin-right: 0px !important;margin-left: 0px !important;padding-right: 0px !important;padding-left: 0px !important;}&#8221; el_class=&#8221;quienes&#8221;]\n<p style=\"text-align: center;\"><span style=\"color: #000000;\">Cenema Trasters neix l&#8217;any 2016 a Matar\u00f3, inicialment, amb la intenci\u00f3 d&#8217;oferir serveis de lloguer de trasters als nostres clients del Business Center \u2013 Cenema Centre de Negocis. No obstant aix\u00f2, hem anat ampliant els nostres serveis i els nostres centres al llarg de diverses zones de Barcelona, Terrassa i Blanes, per a poder brindar les millors opcions d&#8217;emmagatzematge, a totes les persones que requereixin una soluci\u00f3 efectiva a la falta d&#8217;espai.<br \/>\n<\/span><\/p>\n[\/vc_column_text][\/vc_column_inner][\/vc_row_inner][vc_row_inner et_column_align=&#8221;align-center&#8221; et_row_padding=&#8221;true&#8221; css=&#8221;.vc_custom_1715241253344{margin-right: 0px !important;margin-left: 0px !important;padding-top: 4% !important;padding-right: 0px !important;padding-bottom: 4% !important;padding-left: 0px !important;background-color: #000000 !important;}&#8221;][vc_column_inner width=&#8221;5\/6&#8243; css=&#8221;.vc_custom_1715241002324{margin-right: 0px !important;margin-left: 0px !important;}&#8221;][vc_column_text css=&#8221;&#8221; el_class=&#8221;blanco grande&#8221;]\n<h1 style=\"text-align: center;\">La nostra missi\u00f3<\/h1>\n[\/vc_column_text][vc_column_text css=&#8221;.vc_custom_1716820898501{margin-right: 0px !important;margin-left: 0px !important;padding-right: 0px !important;padding-left: 0px !important;}&#8221; el_class=&#8221;blanco quienes&#8221;]\n<p style=\"text-align: center;\">A Cenema Trasters, la nostra missi\u00f3 \u00e9s proporcionar solucions completes, efectives i flexibles d&#8217;emmagatzematge, adaptades a les necessitats dels nostres clients. Des de la nostra obertura, el nostre objectiu ha estat expandir els nostres serveis cap a altres territoris, amb el comprom\u00eds d&#8217;oferir les millors opcions de self storage, amb l&#8217;\u00faltima tecnologia en seguretat, a trav\u00e9s d&#8217;un servei personalitzat i proper.<\/p>\n<p style=\"text-align: center;\">Busquem proporcionar un entorn laboral amb oportunitats de creixement als nostres empleats i inculcar els millors valors de treball en equip, perqu\u00e8 puguin adquirir experi\u00e8ncies professionals valuoses i habilitats de lideratge.<br \/>\n<span style=\"font-weight: 400;\"><br \/>\nSabem que una bona atenci\u00f3 \u00e9s el resultat que els nostres fonaments siguin ferms i el nostre comprom\u00eds \u00e9s fer que aquests valors siguin sostenibles a llarg termini per als nostres clients, empleats i prove\u00efdors.<\/span><\/p>\n[\/vc_column_text][\/vc_column_inner][\/vc_row_inner][vc_row_inner et_column_align=&#8221;align-center&#8221; et_row_padding=&#8221;true&#8221; css=&#8221;.vc_custom_1715241260285{margin-right: 0px !important;margin-left: 0px !important;padding-top: 4% !important;padding-right: 0px !important;padding-bottom: 4% !important;padding-left: 0px !important;}&#8221;][vc_column_inner width=&#8221;5\/6&#8243; css=&#8221;.vc_custom_1715241002324{margin-right: 0px !important;margin-left: 0px !important;}&#8221;][vc_column_text css=&#8221;&#8221; el_class=&#8221;grande&#8221;]\n<h1 style=\"text-align: center;\">La nostra visi\u00f3<\/h1>\n[\/vc_column_text][vc_column_text css=&#8221;.vc_custom_1716820926504{margin-right: 0px !important;margin-left: 0px !important;padding-right: 0px !important;padding-left: 0px !important;}&#8221; el_class=&#8221;quienes&#8221;]\n<p style=\"text-align: center;\"><span style=\"color: #000000;\">La nostra ambici\u00f3 \u00e9s projectar-nos com a l\u00edders en el sector de l&#8217;emmagatzematge i serveis associats, destacant per la nostra excel\u00b7l\u00e8ncia en la relaci\u00f3 qualitat-preu i en la constant cerca d&#8217;innovaci\u00f3. Som persones al servei d&#8217;altres persones i aspirem a ser reconeguts com l&#8217;opci\u00f3 preferida per aquells que busquen una soluci\u00f3 de confian\u00e7a a la falta d&#8217;espai, sostinguda per valors d&#8217;honestedat, transpar\u00e8ncia i proximitat.<\/span><\/p>\n<p style=\"text-align: center;\">Ens esforcem cont\u00ednuament per a cr\u00e9ixer en els mercats en els quals ja operem i expandir-nos a noves ciutats per a estar cada vegada m\u00e9s a prop teu..<\/p>\n[\/vc_column_text][\/vc_column_inner][\/vc_row_inner][vc_row_inner disable_element=&#8221;yes&#8221; css=&#8221;.vc_custom_1717411261938{margin-bottom: 0px !important;padding-top: 4% !important;padding-bottom: 1% !important;background-color: #47d025 !important;}&#8221;][vc_column_inner][vc_column_text css=&#8221;&#8221; el_class=&#8221;blanco grande&#8221;]\n<h1 style=\"text-align: center;\">El nostre equip<\/h1>\n[\/vc_column_text][\/vc_column_inner][\/vc_row_inner][vc_row_inner et_max_width=&#8221;&#8221; disable_element=&#8221;yes&#8221; css=&#8221;.vc_custom_1717411267924{margin-top: 0px !important;margin-bottom: 0px !important;padding-top: 0px !important;padding-bottom: 0px !important;background-color: #47d025 !important;}&#8221; el_class=&#8221;wrapper-secciones equipo&#8221;][vc_column_inner el_class=&#8221;secciones dos&#8221; width=&#8221;1\/3&#8243; css=&#8221;.vc_custom_1715242879367{margin-right: 0px !important;margin-left: 0px !important;padding-right: 2% !important;padding-left: 4% !important;}&#8221;][vc_single_image image=&#8221;3552&#8243; img_size=&#8221;full&#8221; css=&#8221;&#8221;][vc_column_text css=&#8221;&#8221; el_class=&#8221;secciones-desc&#8221;]DIRECTOR[\/vc_column_text][vc_column_text css=&#8221;&#8221; el_class=&#8221;secciones-desc nombre&#8221;]Nombre[\/vc_column_text][\/vc_column_inner][vc_column_inner el_class=&#8221;secciones dos&#8221; width=&#8221;1\/3&#8243; css=&#8221;.vc_custom_1715242887436{margin-right: 0px !important;margin-bottom: 2% !important;margin-left: 0px !important;padding-right: 2% !important;padding-left: 2% !important;}&#8221;][vc_single_image image=&#8221;3552&#8243; img_size=&#8221;full&#8221; css=&#8221;&#8221;][vc_column_text css=&#8221;&#8221; el_class=&#8221;secciones-desc&#8221;]DIRECTOR[\/vc_column_text][vc_column_text css=&#8221;&#8221; el_class=&#8221;secciones-desc nombre&#8221;]Nombre[\/vc_column_text][\/vc_column_inner][vc_column_inner el_class=&#8221;secciones dos&#8221; width=&#8221;1\/3&#8243; css=&#8221;.vc_custom_1715242898935{margin-right: 0px !important;margin-bottom: 2% !important;margin-left: 0px !important;padding-right: 4% !important;padding-left: 2% !important;}&#8221;][vc_single_image image=&#8221;3552&#8243; img_size=&#8221;full&#8221; css=&#8221;&#8221;][vc_column_text css=&#8221;&#8221; el_class=&#8221;secciones-desc&#8221;]DIRECTOR[\/vc_column_text][vc_column_text css=&#8221;&#8221; el_class=&#8221;secciones-desc nombre&#8221;]Nombre[\/vc_column_text][\/vc_column_inner][\/vc_row_inner][vc_row_inner et_max_width=&#8221;&#8221; disable_element=&#8221;yes&#8221; css=&#8221;.vc_custom_1717411273284{margin-top: 0px !important;margin-bottom: 0px !important;padding-top: 0px !important;background-color: #47d025 !important;}&#8221; el_class=&#8221;wrapper-secciones equipo&#8221;][vc_column_inner el_class=&#8221;secciones dos&#8221; width=&#8221;1\/3&#8243; css=&#8221;.vc_custom_1715242879367{margin-right: 0px !important;margin-left: 0px !important;padding-right: 2% !important;padding-left: 4% !important;}&#8221;][vc_single_image image=&#8221;3552&#8243; img_size=&#8221;full&#8221; css=&#8221;&#8221;][vc_column_text css=&#8221;&#8221; el_class=&#8221;secciones-desc&#8221;]DIRECTOR[\/vc_column_text][vc_column_text css=&#8221;&#8221; el_class=&#8221;secciones-desc nombre&#8221;]Nombre[\/vc_column_text][\/vc_column_inner][vc_column_inner el_class=&#8221;secciones dos&#8221; width=&#8221;1\/3&#8243; css=&#8221;.vc_custom_1715242887436{margin-right: 0px !important;margin-bottom: 2% !important;margin-left: 0px !important;padding-right: 2% !important;padding-left: 2% !important;}&#8221;][vc_single_image image=&#8221;3552&#8243; img_size=&#8221;full&#8221; css=&#8221;&#8221;][vc_column_text css=&#8221;&#8221; el_class=&#8221;secciones-desc&#8221;]DIRECTOR[\/vc_column_text][vc_column_text css=&#8221;&#8221; el_class=&#8221;secciones-desc nombre&#8221;]Nombre[\/vc_column_text][\/vc_column_inner][vc_column_inner el_class=&#8221;secciones dos&#8221; width=&#8221;1\/3&#8243; css=&#8221;.vc_custom_1715242898935{margin-right: 0px !important;margin-bottom: 2% !important;margin-left: 0px !important;padding-right: 4% !important;padding-left: 2% !important;}&#8221;][vc_single_image image=&#8221;3552&#8243; img_size=&#8221;full&#8221; css=&#8221;&#8221;][vc_column_text css=&#8221;&#8221; el_class=&#8221;secciones-desc&#8221;]DIRECTOR[\/vc_column_text][vc_column_text css=&#8221;&#8221; el_class=&#8221;secciones-desc nombre&#8221;]Nombre[\/vc_column_text][\/vc_column_inner][\/vc_row_inner][\/vc_column][\/vc_row]\n<\/div>","protected":false},"excerpt":{"rendered":"<p>[vc_row et_full_width=&#8221;true&#8221; et_row_padding=&#8221;true&#8221; css=&#8221;.vc_custom_1715243333918{margin-bottom: 0px !important;padding-bottom: 0px !important;}&#8221;][vc_column css=&#8221;.vc_custom_1715243343430{margin-right: 0px !important;margin-bottom: 0px !important;margin-left: 0px !important;padding-right: 0px !important;padding-bottom: 0px !important;padding-left: 0px !important;}&#8221;][vc_row_inner et_column_align=&#8221;align-center&#8221; et_row_padding=&#8221;true&#8221; css=&#8221;.vc_custom_1715241237305{margin-right: 0px !important;margin-left: 0px !important;padding-top: 4% !important;padding-right: 0px !important;padding-bottom: 4% !important;padding-left: 0px !important;}&#8221;][vc_column_inner width=&#8221;5\/6&#8243; css=&#8221;.vc_custom_1715241002324{margin-right: 0px !important;margin-left: 0px !important;}&#8221;][vc_column_text css=&#8221;&#8221; el_class=&#8221;grande&#8221;] Com neix Cenema Trasters? [\/vc_column_text][vc_column_text css=&#8221;.vc_custom_1716820840375{margin-right: [&hellip;]<\/p>\n","protected":false},"author":1,"featured_media":0,"parent":0,"menu_order":0,"comment_status":"closed","ping_status":"closed","template":"","meta":{"footnotes":""},"class_list":["post-3853","page","type-page","status-publish","hentry"],"_links":{"self":[{"href":"https:\/\/cenematrasters.modula.tv\/index.php?rest_route=\/wp\/v2\/pages\/3853","targetHints":{"allow":["GET"]}}],"collection":[{"href":"https:\/\/cenematrasters.modula.tv\/index.php?rest_route=\/wp\/v2\/pages"}],"about":[{"href":"https:\/\/cenematrasters.modula.tv\/index.php?rest_route=\/wp\/v2\/types\/page"}],"author":[{"embeddable":true,"href":"https:\/\/cenematrasters.modula.tv\/index.php?rest_route=\/wp\/v2\/users\/1"}],"replies":[{"embeddable":true,"href":"https:\/\/cenematrasters.modula.tv\/index.php?rest_route=%2Fwp%2Fv2%2Fcomments&post=3853"}],"version-history":[{"count":5,"href":"https:\/\/cenematrasters.modula.tv\/index.php?rest_route=\/wp\/v2\/pages\/3853\/revisions"}],"predecessor-version":[{"id":3967,"href":"https:\/\/cenematrasters.modula.tv\/index.php?rest_route=\/wp\/v2\/pages\/3853\/revisions\/3967"}],"wp:attachment":[{"href":"https:\/\/cenematrasters.modula.tv\/index.php?rest_route=%2Fwp%2Fv2%2Fmedia&parent=3853"}],"curies":[{"name":"wp","href":"https:\/\/api.w.org\/{rel}","templated":true}]}}